{"id":971,"date":"2025-04-06T16:26:19","date_gmt":"2025-04-06T14:26:19","guid":{"rendered":"https:\/\/sunnegarden-gronsaker.se\/?post_type=product&#038;p=971"},"modified":"2025-11-07T11:31:15","modified_gmt":"2025-11-07T10:31:15","slug":"rodkal","status":"publish","type":"product","link":"https:\/\/sunnegarden-gronsaker.se\/sv\/produkt\/rodkal\/","title":{"rendered":"R\u00f6dk\u00e5l &#8211; 12kg"},"content":{"rendered":"<p class=\"\" data-start=\"89\" data-end=\"326\"><span style=\"vertical-align: inherit;\"><span style=\"vertical-align: inherit;\"><strong>R\u00f6dk\u00e5l<\/strong><br data-start=\"106\" data-end=\"109\" \/>F\u00e4rgstark och krispig r\u00f6dk\u00e5l med en mild, s\u00f6t smak. Perfekt att anv\u00e4nda i sallader, som tillbeh\u00f6r till k\u00f6tt eller i surk\u00e5l. R\u00f6dk\u00e5lens vackra f\u00e4rg och n\u00e4ringsrika inneh\u00e5ll g\u00f6r den till en favorit under vinterm\u00e5naderna.<br \/>\n<\/span><\/span><\/p>\n<p class=\"\" data-start=\"89\" data-end=\"326\"><strong data-start=\"367\" data-end=\"381\"><span style=\"vertical-align: inherit;\"><span style=\"vertical-align: inherit;\">F\u00f6rvaring:<\/span><\/span><\/strong><span style=\"vertical-align: inherit;\"><span style=\"vertical-align: inherit;\"> +2<\/span><span style=\"vertical-align: inherit;\">\u00b0C <\/span><\/span><br data-start=\"396\" data-end=\"399\" \/><strong data-start=\"399\" data-end=\"414\"><span style=\"vertical-align: inherit;\"><span style=\"vertical-align: inherit;\">H\u00e5llbarhet:<\/span><\/span><\/strong><span style=\"vertical-align: inherit;\"><span style=\"vertical-align: inherit;\"> +30 dagar i kylsk\u00e5p <\/span><\/span><\/p>","protected":false},"excerpt":{"rendered":"<p class=\"\" data-start=\"89\" data-end=\"326\"><strong data-start=\"328\" data-end=\"337\"><span style=\"vertical-align: inherit;\"><span style=\"vertical-align: inherit;\">Vikt: <\/span><\/span><\/strong><span style=\"vertical-align: inherit;\"><span style=\"vertical-align: inherit;\">12<\/span><\/span><span style=\"vertical-align: inherit;\"><span style=\"vertical-align: inherit;\">\u00a0kg per l\u00e5da <\/span><\/span><br data-start=\"364\" data-end=\"367\" \/><strong data-start=\"367\" data-end=\"381\"><span style=\"vertical-align: inherit;\"><span style=\"vertical-align: inherit;\">F\u00f6rpackning:<\/span><\/span><\/strong> <span style=\"vertical-align: inherit;\"><span style=\"vertical-align: inherit;\"> SRS-l\u00e5da stor svart<\/span><\/span><\/p>","protected":false},"featured_media":972,"comment_status":"open","ping_status":"closed","template":"","meta":[],"product_brand":[102],"product_cat":[31,82],"product_tag":[87,34,85,83,68],"class_list":{"0":"post-971","1":"product","2":"type-product","3":"status-publish","4":"has-post-thumbnail","6":"product_brand-sunnegarden-gronsaker","7":"product_cat-gronsaker","8":"product_cat-kal","9":"product_tag-fargad-kal","10":"product_tag-gronsaker","11":"product_tag-huvudkal","12":"product_tag-kal","13":"product_tag-rod","15":"first","16":"instock","17":"featured","18":"shipping-taxable","19":"purchasable","20":"product-type-simple"},"jetpack_sharing_enabled":true,"_links":{"self":[{"href":"https:\/\/sunnegarden-gronsaker.se\/sv\/wp-json\/wp\/v2\/product\/971","targetHints":{"allow":["GET"]}}],"collection":[{"href":"https:\/\/sunnegarden-gronsaker.se\/sv\/wp-json\/wp\/v2\/product"}],"about":[{"href":"https:\/\/sunnegarden-gronsaker.se\/sv\/wp-json\/wp\/v2\/types\/product"}],"replies":[{"embeddable":true,"href":"https:\/\/sunnegarden-gronsaker.se\/sv\/wp-json\/wp\/v2\/comments?post=971"}],"wp:featuredmedia":[{"embeddable":true,"href":"https:\/\/sunnegarden-gronsaker.se\/sv\/wp-json\/wp\/v2\/media\/972"}],"wp:attachment":[{"href":"https:\/\/sunnegarden-gronsaker.se\/sv\/wp-json\/wp\/v2\/media?parent=971"}],"wp:term":[{"taxonomy":"product_brand","embeddable":true,"href":"https:\/\/sunnegarden-gronsaker.se\/sv\/wp-json\/wp\/v2\/product_brand?post=971"},{"taxonomy":"product_cat","embeddable":true,"href":"https:\/\/sunnegarden-gronsaker.se\/sv\/wp-json\/wp\/v2\/product_cat?post=971"},{"taxonomy":"product_tag","embeddable":true,"href":"https:\/\/sunnegarden-gronsaker.se\/sv\/wp-json\/wp\/v2\/product_tag?post=971"}],"curies":[{"name":"wp","href":"https:\/\/api.w.org\/{rel}","templated":true}]}}