{"id":967,"date":"2025-04-06T16:21:29","date_gmt":"2025-04-06T14:21:29","guid":{"rendered":"https:\/\/sunnegarden-gronsaker.se\/?post_type=product&#038;p=967"},"modified":"2025-11-07T11:33:10","modified_gmt":"2025-11-07T10:33:10","slug":"vitkal-65kg","status":"publish","type":"product","link":"https:\/\/sunnegarden-gronsaker.se\/sv\/produkt\/vitkal-65kg\/","title":{"rendered":"Vitk\u00e5l &#8211; 12kg"},"content":{"rendered":"<p class=\"\" data-start=\"89\" data-end=\"326\"><span style=\"vertical-align: inherit;\"><span style=\"vertical-align: inherit;\"><strong>Vitk\u00e5l<\/strong><br data-start=\"106\" data-end=\"109\" \/>Klassisk, fast vitk\u00e5l med mild och s\u00f6t smak. Utm\u00e4rkt till coleslaw, k\u00e5ldolmar, surk\u00e5l eller som ett krispigt inslag i wok och sallad. En m\u00e5ngsidig och t\u00e5lig basgr\u00f6nsak i k\u00f6ket.<br \/>\n<\/span><\/span><\/p>\n<p class=\"\" data-start=\"89\" data-end=\"326\"><strong data-start=\"367\" data-end=\"381\"><span style=\"vertical-align: inherit;\"><span style=\"vertical-align: inherit;\">F\u00f6rvaring:<\/span><\/span><\/strong><span style=\"vertical-align: inherit;\"><span style=\"vertical-align: inherit;\"> +2<\/span><span style=\"vertical-align: inherit;\">\u00b0C <\/span><\/span><br data-start=\"396\" data-end=\"399\" \/><strong data-start=\"399\" data-end=\"414\"><span style=\"vertical-align: inherit;\"><span style=\"vertical-align: inherit;\">H\u00e5llbarhet:<\/span><\/span><\/strong><span style=\"vertical-align: inherit;\"><span style=\"vertical-align: inherit;\"> +30 dagar i kylsk\u00e5p <\/span><\/span><\/p>","protected":false},"excerpt":{"rendered":"<p class=\"\" data-start=\"89\" data-end=\"326\"><strong>Vitk\u00e5l<\/strong><br data-start=\"106\" data-end=\"109\" \/><strong data-start=\"328\" data-end=\"337\"><span style=\"vertical-align: inherit;\"><span style=\"vertical-align: inherit;\">Vikt: <\/span><\/span><\/strong><span style=\"vertical-align: inherit;\"><span style=\"vertical-align: inherit;\">12<\/span><\/span><span style=\"vertical-align: inherit;\"><span style=\"vertical-align: inherit;\">\u00a0kg per l\u00e5da <\/span><\/span><br data-start=\"364\" data-end=\"367\" \/><strong data-start=\"367\" data-end=\"381\"><span style=\"vertical-align: inherit;\"><span style=\"vertical-align: inherit;\">F\u00f6rpackning:<\/span><\/span><\/strong> <span style=\"vertical-align: inherit;\"><span style=\"vertical-align: inherit;\"> SRS-l\u00e5da stor svart<\/span><\/span><\/p>","protected":false},"featured_media":968,"comment_status":"open","ping_status":"closed","template":"","meta":[],"product_brand":[102],"product_cat":[31,82],"product_tag":[34,85,83,71],"class_list":{"0":"post-967","1":"product","2":"type-product","3":"status-publish","4":"has-post-thumbnail","6":"product_brand-sunnegarden-gronsaker","7":"product_cat-gronsaker","8":"product_cat-kal","9":"product_tag-gronsaker","10":"product_tag-huvudkal","11":"product_tag-kal","12":"product_tag-vit","14":"first","15":"instock","16":"featured","17":"shipping-taxable","18":"purchasable","19":"product-type-simple"},"jetpack_sharing_enabled":true,"_links":{"self":[{"href":"https:\/\/sunnegarden-gronsaker.se\/sv\/wp-json\/wp\/v2\/product\/967","targetHints":{"allow":["GET"]}}],"collection":[{"href":"https:\/\/sunnegarden-gronsaker.se\/sv\/wp-json\/wp\/v2\/product"}],"about":[{"href":"https:\/\/sunnegarden-gronsaker.se\/sv\/wp-json\/wp\/v2\/types\/product"}],"replies":[{"embeddable":true,"href":"https:\/\/sunnegarden-gronsaker.se\/sv\/wp-json\/wp\/v2\/comments?post=967"}],"wp:featuredmedia":[{"embeddable":true,"href":"https:\/\/sunnegarden-gronsaker.se\/sv\/wp-json\/wp\/v2\/media\/968"}],"wp:attachment":[{"href":"https:\/\/sunnegarden-gronsaker.se\/sv\/wp-json\/wp\/v2\/media?parent=967"}],"wp:term":[{"taxonomy":"product_brand","embeddable":true,"href":"https:\/\/sunnegarden-gronsaker.se\/sv\/wp-json\/wp\/v2\/product_brand?post=967"},{"taxonomy":"product_cat","embeddable":true,"href":"https:\/\/sunnegarden-gronsaker.se\/sv\/wp-json\/wp\/v2\/product_cat?post=967"},{"taxonomy":"product_tag","embeddable":true,"href":"https:\/\/sunnegarden-gronsaker.se\/sv\/wp-json\/wp\/v2\/product_tag?post=967"}],"curies":[{"name":"wp","href":"https:\/\/api.w.org\/{rel}","templated":true}]}}