{"id":949,"date":"2025-04-06T15:57:21","date_gmt":"2025-04-06T13:57:21","guid":{"rendered":"https:\/\/sunnegarden-gronsaker.se\/?post_type=product&#038;p=949"},"modified":"2025-11-07T11:33:54","modified_gmt":"2025-11-07T10:33:54","slug":"rodbeta-6kg","status":"publish","type":"product","link":"https:\/\/sunnegarden-gronsaker.se\/sv\/produkt\/rodbeta-6kg\/","title":{"rendered":"R\u00f6dbeta &#8211; 6kg"},"content":{"rendered":"<p class=\"\" data-start=\"89\" data-end=\"326\"><span style=\"vertical-align: inherit;\"><span style=\"vertical-align: inherit;\"><strong>R\u00f6dbeta<\/strong><br data-start=\"106\" data-end=\"109\" \/>Klassisk r\u00f6dbeta med djup r\u00f6d f\u00e4rg och s\u00f6t, jordig smak. Passar utm\u00e4rkt att rosta, koka, syra eller anv\u00e4nda r\u00e5 i sallader. En m\u00e5ngsidig rotfrukt rik p\u00e5 smak och n\u00e4ring.<br \/>\n<\/span><\/span><\/p>\n<p class=\"\" data-start=\"89\" data-end=\"326\"><strong data-start=\"367\" data-end=\"381\"><span style=\"vertical-align: inherit;\"><span style=\"vertical-align: inherit;\">F\u00f6rvaring:<\/span><\/span><\/strong><span style=\"vertical-align: inherit;\"><span style=\"vertical-align: inherit;\"> +4<\/span><span style=\"vertical-align: inherit;\">\u00b0C <\/span><\/span><br data-start=\"396\" data-end=\"399\" \/><strong data-start=\"399\" data-end=\"414\"><span style=\"vertical-align: inherit;\"><span style=\"vertical-align: inherit;\">H\u00e5llbarhet:<\/span><\/span><\/strong><span style=\"vertical-align: inherit;\"><span style=\"vertical-align: inherit;\"> +30 dagar i kylsk\u00e5p <\/span><\/span><\/p>","protected":false},"excerpt":{"rendered":"<p class=\"\" data-start=\"89\" data-end=\"326\"><strong data-start=\"328\" data-end=\"337\"><span style=\"vertical-align: inherit;\"><span style=\"vertical-align: inherit;\">Vikt: <\/span><\/span><\/strong><span style=\"vertical-align: inherit;\"><span style=\"vertical-align: inherit;\">6<\/span><\/span><span style=\"vertical-align: inherit;\"><span style=\"vertical-align: inherit;\">\u00a0kg per l\u00e5da <\/span><\/span><br data-start=\"364\" data-end=\"367\" \/><strong data-start=\"367\" data-end=\"381\"><span style=\"vertical-align: inherit;\"><span style=\"vertical-align: inherit;\">F\u00f6rpackning:<\/span><\/span><\/strong> <span style=\"vertical-align: inherit;\"><span style=\"vertical-align: inherit;\"> SRS-l\u00e5da liten svart (insatsp\u00e5se)<\/span><\/span><\/p>","protected":false},"featured_media":950,"comment_status":"open","ping_status":"closed","template":"","meta":[],"product_brand":[102],"product_cat":[31,57],"product_tag":[70,34,68,59],"class_list":{"0":"post-949","1":"product","2":"type-product","3":"status-publish","4":"has-post-thumbnail","6":"product_brand-sunnegarden-gronsaker","7":"product_cat-gronsaker","8":"product_cat-rotfrukter","9":"product_tag-betor","10":"product_tag-gronsaker","11":"product_tag-rod","12":"product_tag-rotfrukter","14":"first","15":"instock","16":"featured","17":"shipping-taxable","18":"purchasable","19":"product-type-simple"},"jetpack_sharing_enabled":true,"_links":{"self":[{"href":"https:\/\/sunnegarden-gronsaker.se\/sv\/wp-json\/wp\/v2\/product\/949","targetHints":{"allow":["GET"]}}],"collection":[{"href":"https:\/\/sunnegarden-gronsaker.se\/sv\/wp-json\/wp\/v2\/product"}],"about":[{"href":"https:\/\/sunnegarden-gronsaker.se\/sv\/wp-json\/wp\/v2\/types\/product"}],"replies":[{"embeddable":true,"href":"https:\/\/sunnegarden-gronsaker.se\/sv\/wp-json\/wp\/v2\/comments?post=949"}],"wp:featuredmedia":[{"embeddable":true,"href":"https:\/\/sunnegarden-gronsaker.se\/sv\/wp-json\/wp\/v2\/media\/950"}],"wp:attachment":[{"href":"https:\/\/sunnegarden-gronsaker.se\/sv\/wp-json\/wp\/v2\/media?parent=949"}],"wp:term":[{"taxonomy":"product_brand","embeddable":true,"href":"https:\/\/sunnegarden-gronsaker.se\/sv\/wp-json\/wp\/v2\/product_brand?post=949"},{"taxonomy":"product_cat","embeddable":true,"href":"https:\/\/sunnegarden-gronsaker.se\/sv\/wp-json\/wp\/v2\/product_cat?post=949"},{"taxonomy":"product_tag","embeddable":true,"href":"https:\/\/sunnegarden-gronsaker.se\/sv\/wp-json\/wp\/v2\/product_tag?post=949"}],"curies":[{"name":"wp","href":"https:\/\/api.w.org\/{rel}","templated":true}]}}