{"id":749,"date":"2025-03-31T09:52:12","date_gmt":"2025-03-31T07:52:12","guid":{"rendered":"https:\/\/sunnegarden-gronsaker.se\/?page_id=749"},"modified":"2025-10-07T11:23:57","modified_gmt":"2025-10-07T09:23:57","slug":"gardsbutiken","status":"publish","type":"page","link":"https:\/\/sunnegarden-gronsaker.se\/sv\/gardsbutiken\/","title":{"rendered":"G\u00e5rdsbutik"},"content":{"rendered":"<div data-elementor-type=\"wp-page\" data-elementor-id=\"749\" class=\"elementor elementor-749\">\n\t\t\t\t<div class=\"elementor-element elementor-element-55e04fa e-grid e-con-boxed e-con e-parent\" data-id=\"55e04fa\" data-element_type=\"container\" data-e-type=\"container\">\n\t\t\t\t\t<div class=\"e-con-inner\">\n\t\t\t\t<div class=\"elementor-element elementor-element-cf8656b elementor-widget elementor-widget-heading\" data-id=\"cf8656b\" data-element_type=\"widget\" data-e-type=\"widget\" data-widget_type=\"heading.default\">\n\t\t\t\t<div class=\"elementor-widget-container\">\n\t\t\t\t\t<h2 class=\"elementor-heading-title elementor-size-default\">G\u00e5rdsbutik<\/h2>\t\t\t\t<\/div>\n\t\t\t\t<\/div>\n\t\t\t\t\t<\/div>\n\t\t\t\t<\/div>\n\t\t<div class=\"elementor-element elementor-element-4618aab e-flex e-con-boxed e-con e-parent\" data-id=\"4618aab\" data-element_type=\"container\" data-e-type=\"container\" data-settings=\"{&quot;background_background&quot;:&quot;classic&quot;}\">\n\t\t\t\t\t<div class=\"e-con-inner\">\n\t\t<div class=\"elementor-element elementor-element-6488f40 e-con-full e-flex e-con e-child\" data-id=\"6488f40\" data-element_type=\"container\" data-e-type=\"container\">\n\t\t\t\t<div class=\"elementor-element elementor-element-c7d9da5 elementor-widget elementor-widget-image\" data-id=\"c7d9da5\" data-element_type=\"widget\" data-e-type=\"widget\" data-widget_type=\"image.default\">\n\t\t\t\t<div class=\"elementor-widget-container\">\n\t\t\t\t\t\t\t\t\t\t\t\t\t\t\t<img fetchpriority=\"high\" decoding=\"async\" width=\"640\" height=\"360\" src=\"https:\/\/sunnegarden-gronsaker.se\/wp-content\/uploads\/2025\/04\/jb_sid4.jpg\" class=\"attachment-large size-large wp-image-905\" alt=\"\" srcset=\"https:\/\/sunnegarden-gronsaker.se\/wp-content\/uploads\/2025\/04\/jb_sid4.jpg 640w, https:\/\/sunnegarden-gronsaker.se\/wp-content\/uploads\/2025\/04\/jb_sid4-600x338.jpg 600w, https:\/\/sunnegarden-gronsaker.se\/wp-content\/uploads\/2025\/04\/jb_sid4-300x169.jpg 300w, https:\/\/sunnegarden-gronsaker.se\/wp-content\/uploads\/2025\/04\/jb_sid4-18x10.jpg 18w\" sizes=\"(max-width: 640px) 100vw, 640px\" \/>\t\t\t\t\t\t\t\t\t\t\t\t\t\t\t<\/div>\n\t\t\t\t<\/div>\n\t\t\t\t<\/div>\n\t\t<div class=\"elementor-element elementor-element-f58b517 e-con-full e-flex e-con e-child\" data-id=\"f58b517\" data-element_type=\"container\" data-e-type=\"container\">\n\t\t\t\t<div class=\"elementor-element elementor-element-fda51bc elementor-widget elementor-widget-image\" data-id=\"fda51bc\" data-element_type=\"widget\" data-e-type=\"widget\" data-widget_type=\"image.default\">\n\t\t\t\t<div class=\"elementor-widget-container\">\n\t\t\t\t\t\t\t\t\t\t\t\t\t\t\t<img decoding=\"async\" width=\"1920\" height=\"2560\" src=\"https:\/\/sunnegarden-gronsaker.se\/wp-content\/uploads\/2025\/08\/IMG_4397-scaled.jpg\" class=\"attachment-full size-full wp-image-1931\" alt=\"\" srcset=\"https:\/\/sunnegarden-gronsaker.se\/wp-content\/uploads\/2025\/08\/IMG_4397-scaled.jpg 1920w, https:\/\/sunnegarden-gronsaker.se\/wp-content\/uploads\/2025\/08\/IMG_4397-225x300.jpg 225w, https:\/\/sunnegarden-gronsaker.se\/wp-content\/uploads\/2025\/08\/IMG_4397-768x1024.jpg 768w, https:\/\/sunnegarden-gronsaker.se\/wp-content\/uploads\/2025\/08\/IMG_4397-1152x1536.jpg 1152w, https:\/\/sunnegarden-gronsaker.se\/wp-content\/uploads\/2025\/08\/IMG_4397-1536x2048.jpg 1536w, https:\/\/sunnegarden-gronsaker.se\/wp-content\/uploads\/2025\/08\/IMG_4397-9x12.jpg 9w, https:\/\/sunnegarden-gronsaker.se\/wp-content\/uploads\/2025\/08\/IMG_4397-600x800.jpg 600w\" sizes=\"(max-width: 1920px) 100vw, 1920px\" \/>\t\t\t\t\t\t\t\t\t\t\t\t\t\t\t<\/div>\n\t\t\t\t<\/div>\n\t\t\t\t<\/div>\n\t\t<div class=\"elementor-element elementor-element-01eeee4 e-con-full e-flex e-con e-child\" data-id=\"01eeee4\" data-element_type=\"container\" data-e-type=\"container\">\n\t\t<div class=\"elementor-element elementor-element-de4c427 e-con-full e-flex e-con e-child\" data-id=\"de4c427\" data-element_type=\"container\" data-e-type=\"container\">\n\t\t\t\t<div class=\"elementor-element elementor-element-231ec11 elementor-widget elementor-widget-heading\" data-id=\"231ec11\" data-element_type=\"widget\" data-e-type=\"widget\" data-widget_type=\"heading.default\">\n\t\t\t\t<div class=\"elementor-widget-container\">\n\t\t\t\t\t<h2 class=\"elementor-heading-title elementor-size-default\">\u00d6ppettider G\u00e5rdsbutiken<\/h2>\t\t\t\t<\/div>\n\t\t\t\t<\/div>\n\t\t\t\t<div class=\"elementor-element elementor-element-e9e6dcb elementor-widget elementor-widget-text-editor\" data-id=\"e9e6dcb\" data-element_type=\"widget\" data-e-type=\"widget\" data-widget_type=\"text-editor.default\">\n\t\t\t\t<div class=\"elementor-widget-container\">\n\t\t\t\t\t\t\t\t\t<p><strong>\u00d6ppet! <\/strong>Varje dag kl 7-22<\/p>\t\t\t\t\t\t\t\t<\/div>\n\t\t\t\t<\/div>\n\t\t\t\t<\/div>\n\t\t<div class=\"elementor-element elementor-element-91d6479 e-con-full e-flex e-con e-child\" data-id=\"91d6479\" data-element_type=\"container\" data-e-type=\"container\">\n\t\t\t\t<div class=\"elementor-element elementor-element-88a39ec elementor-widget elementor-widget-text-editor\" data-id=\"88a39ec\" data-element_type=\"widget\" data-e-type=\"widget\" data-widget_type=\"text-editor.default\">\n\t\t\t\t<div class=\"elementor-widget-container\">\n\t\t\t\t\t\t\t\t\t<p class=\"font_7 wixui-rich-text__text\"><span class=\"wixui-rich-text__text\">I v\u00e5r g\u00e5rdsbutik hittar du g\u00e5rdens egna produkter och andra n\u00e4rproducerade varor, fr\u00e4mst <\/span>gr\u00f6nsaker, men ocks\u00e5 honung, tomater, rapsolja m.m<\/p>\n<p class=\"font_7 wixui-rich-text__text\"><span class=\"wixui-rich-text__text\"><\/span><span class=\"wixui-rich-text__text\">Du kan betala med Swish eller kontant och parkering finns alldeles utanf\u00f6r!<\/span><\/p>\t\t\t\t\t\t\t\t<\/div>\n\t\t\t\t<\/div>\n\t\t\t\t<\/div>\n\t\t\t\t<\/div>\n\t\t\t\t\t<\/div>\n\t\t\t\t<\/div>\n\t\t<div class=\"elementor-element elementor-element-e11cf29 e-flex e-con-boxed e-con e-parent\" data-id=\"e11cf29\" data-element_type=\"container\" data-e-type=\"container\">\n\t\t\t\t\t<div class=\"e-con-inner\">\n\t\t\t\t<div class=\"elementor-element elementor-element-db8bb49 elementor-mobile-align-center elementor-widget elementor-widget-button\" data-id=\"db8bb49\" data-element_type=\"widget\" data-e-type=\"widget\" data-widget_type=\"button.default\">\n\t\t\t\t<div class=\"elementor-widget-container\">\n\t\t\t\t\t\t\t\t\t<div class=\"elementor-button-wrapper\">\n\t\t\t\t\t<a class=\"elementor-button elementor-button-link elementor-size-sm\" href=\"https:\/\/sunnegarden-gronsaker.se\/sv\/om-oss\/\">\n\t\t\t\t\t\t<span class=\"elementor-button-content-wrapper\">\n\t\t\t\t\t\t\t\t\t<span class=\"elementor-button-text\">L\u00e4s mer om oss<\/span>\n\t\t\t\t\t<\/span>\n\t\t\t\t\t<\/a>\n\t\t\t\t<\/div>\n\t\t\t\t\t\t\t\t<\/div>\n\t\t\t\t<\/div>\n\t\t\t\t<div class=\"elementor-element elementor-element-ab739f9 elementor-tablet-align-center elementor-widget elementor-widget-button\" data-id=\"ab739f9\" data-element_type=\"widget\" data-e-type=\"widget\" data-widget_type=\"button.default\">\n\t\t\t\t<div class=\"elementor-widget-container\">\n\t\t\t\t\t\t\t\t\t<div class=\"elementor-button-wrapper\">\n\t\t\t\t\t<a class=\"elementor-button elementor-button-link elementor-size-sm\" href=\"https:\/\/sunnegarden-gronsaker.se\/sv\/kontakta-oss\/\">\n\t\t\t\t\t\t<span class=\"elementor-button-content-wrapper\">\n\t\t\t\t\t\t\t\t\t<span class=\"elementor-button-text\">Kontakta oss<\/span>\n\t\t\t\t\t<\/span>\n\t\t\t\t\t<\/a>\n\t\t\t\t<\/div>\n\t\t\t\t\t\t\t\t<\/div>\n\t\t\t\t<\/div>\n\t\t\t\t\t<\/div>\n\t\t\t\t<\/div>\n\t\t<div class=\"elementor-element elementor-element-df16a79 e-con-full e-flex e-con e-parent\" data-id=\"df16a79\" data-element_type=\"container\" data-e-type=\"container\">\n\t\t\t\t<div class=\"elementor-element elementor-element-3d34d27 elementor-widget elementor-widget-heading\" data-id=\"3d34d27\" data-element_type=\"widget\" data-e-type=\"widget\" data-widget_type=\"heading.default\">\n\t\t\t\t<div class=\"elementor-widget-container\">\n\t\t\t\t\t<h2 class=\"elementor-heading-title elementor-size-default\"><a href=\"https:\/\/g.co\/kgs\/RDCEquH\">Hitta hit!<\/a><\/h2>\t\t\t\t<\/div>\n\t\t\t\t<\/div>\n\t\t\t\t<div class=\"elementor-element elementor-element-a6bcb28 elementor-widget__width-initial elementor-widget-mobile__width-initial elementor-widget elementor-widget-google_maps\" data-id=\"a6bcb28\" data-element_type=\"widget\" data-e-type=\"widget\" data-widget_type=\"google_maps.default\">\n\t\t\t\t<div class=\"elementor-widget-container\">\n\t\t\t\t\t\t\t<div class=\"elementor-custom-embed\">\n\t\t\t<iframe loading=\"lazy\"\n\t\t\t\t\tsrc=\"https:\/\/maps.google.com\/maps?q=Sunneg%C3%A5rden%201%2C%20583%2091%20Vikingstad%2C%20Sunneg%C3%A5rden%20gr%C3%B6nsaker&#038;t=m&#038;z=12&#038;output=embed&#038;iwloc=near\"\n\t\t\t\t\ttitle=\"Sunneg\u00e5rden 1, 583 91 Vikingstad, Sunneg\u00e5rden gr\u00f6nsaker\"\n\t\t\t\t\taria-label=\"Sunneg\u00e5rden 1, 583 91 Vikingstad, Sunneg\u00e5rden gr\u00f6nsaker\"\n\t\t\t><\/iframe>\n\t\t<\/div>\n\t\t\t\t\t\t<\/div>\n\t\t\t\t<\/div>\n\t\t\t\t<\/div>\n\t\t<div class=\"elementor-element elementor-element-3a56d3c e-con-full e-flex e-con e-parent\" data-id=\"3a56d3c\" data-element_type=\"container\" data-e-type=\"container\">\n\t\t<div class=\"elementor-element elementor-element-d2cb67f e-con-full e-flex e-con e-child\" data-id=\"d2cb67f\" data-element_type=\"container\" data-e-type=\"container\">\n\t\t\t\t<div class=\"elementor-element elementor-element-bc9ad2f elementor-widget-divider--view-line_text elementor-widget-divider--element-align-center elementor-widget elementor-widget-divider\" data-id=\"bc9ad2f\" data-element_type=\"widget\" data-e-type=\"widget\" data-widget_type=\"divider.default\">\n\t\t\t\t<div class=\"elementor-widget-container\">\n\t\t\t\t\t\t\t<div class=\"elementor-divider\">\n\t\t\t<span class=\"elementor-divider-separator\">\n\t\t\t\t\t\t\t<span class=\"elementor-divider__text elementor-divider__element\">\n\t\t\t\t<b>\u00d6stg\u00f6tamat <\/b>\t\t\t\t<\/span>\n\t\t\t\t\t\t<\/span>\n\t\t<\/div>\n\t\t\t\t\t\t<\/div>\n\t\t\t\t<\/div>\n\t\t\t\t<\/div>\n\t\t\t\t<\/div>\n\t\t<div class=\"elementor-element elementor-element-dead012 e-flex e-con-boxed e-con e-parent\" data-id=\"dead012\" data-element_type=\"container\" data-e-type=\"container\">\n\t\t\t\t\t<div class=\"e-con-inner\">\n\t\t\t\t<div class=\"elementor-element elementor-element-dc4af5e elementor-widget__width-initial elementor-widget-mobile__width-initial elementor-widget elementor-widget-image\" data-id=\"dc4af5e\" data-element_type=\"widget\" data-e-type=\"widget\" data-widget_type=\"image.default\">\n\t\t\t\t<div class=\"elementor-widget-container\">\n\t\t\t\t\t\t\t\t\t\t\t\t\t\t\t\t<a href=\"https:\/\/ostgotamat.se\/\">\n\t\t\t\t\t\t\t<img decoding=\"async\" width=\"512\" height=\"512\" src=\"https:\/\/sunnegarden-gronsaker.se\/wp-content\/uploads\/2025\/04\/cropped-Ostgotamat-ikon-liten.png\" class=\"attachment-large size-large wp-image-1342\" alt=\"\" srcset=\"https:\/\/sunnegarden-gronsaker.se\/wp-content\/uploads\/2025\/04\/cropped-Ostgotamat-ikon-liten.png 512w, https:\/\/sunnegarden-gronsaker.se\/wp-content\/uploads\/2025\/04\/cropped-Ostgotamat-ikon-liten-300x300.png 300w, https:\/\/sunnegarden-gronsaker.se\/wp-content\/uploads\/2025\/04\/cropped-Ostgotamat-ikon-liten-100x100.png 100w, https:\/\/sunnegarden-gronsaker.se\/wp-content\/uploads\/2025\/04\/cropped-Ostgotamat-ikon-liten-150x150.png 150w, https:\/\/sunnegarden-gronsaker.se\/wp-content\/uploads\/2025\/04\/cropped-Ostgotamat-ikon-liten-12x12.png 12w, https:\/\/sunnegarden-gronsaker.se\/wp-content\/uploads\/2025\/04\/elementor\/thumbs\/cropped-Ostgotamat-ikon-liten-150x150.png 1500w\" sizes=\"(max-width: 512px) 100vw, 512px\" \/>\t\t\t\t\t\t\t\t<\/a>\n\t\t\t\t\t\t\t\t\t\t\t\t\t\t\t<\/div>\n\t\t\t\t<\/div>\n\t\t\t\t<div class=\"elementor-element elementor-element-e952381 elementor-widget elementor-widget-heading\" data-id=\"e952381\" data-element_type=\"widget\" data-e-type=\"widget\" data-widget_type=\"heading.default\">\n\t\t\t\t<div class=\"elementor-widget-container\">\n\t\t\t\t\t<h2 class=\"elementor-heading-title elementor-size-default\"><a href=\"https:\/\/ostgotamat.se\/\">\u00d6stg\u00f6tamat <\/a><\/h2>\t\t\t\t<\/div>\n\t\t\t\t<\/div>\n\t\t\t\t\t<\/div>\n\t\t\t\t<\/div>\n\t\t\t\t<\/div>","protected":false},"excerpt":{"rendered":"<p>G\u00e5rdsbutik \u00d6ppettider G\u00e5rdsbutiken \u00d6ppet! Varje dag kl 7-22 I v\u00e5r g\u00e5rdsbutik hittar du g\u00e5rdens egna produkter och andra n\u00e4rproducerade varor, fr\u00e4mst gr\u00f6nsaker, men ocks\u00e5 honung, tomater, rapsolja m.m Du kan betala med Swish eller kontant och parkering finns alldeles utanf\u00f6r! L\u00e4s mer om oss Kontakta oss Hitta hit! \u00d6stg\u00f6tamat \u00d6stg\u00f6tamat<\/p>","protected":false},"author":1,"featured_media":0,"parent":0,"menu_order":0,"comment_status":"closed","ping_status":"closed","template":"elementor_header_footer","meta":{"footnotes":""},"class_list":["post-749","page","type-page","status-publish","hentry"],"blocksy_meta":[],"jetpack_sharing_enabled":true,"_links":{"self":[{"href":"https:\/\/sunnegarden-gronsaker.se\/sv\/wp-json\/wp\/v2\/pages\/749","targetHints":{"allow":["GET"]}}],"collection":[{"href":"https:\/\/sunnegarden-gronsaker.se\/sv\/wp-json\/wp\/v2\/pages"}],"about":[{"href":"https:\/\/sunnegarden-gronsaker.se\/sv\/wp-json\/wp\/v2\/types\/page"}],"author":[{"embeddable":true,"href":"https:\/\/sunnegarden-gronsaker.se\/sv\/wp-json\/wp\/v2\/users\/1"}],"replies":[{"embeddable":true,"href":"https:\/\/sunnegarden-gronsaker.se\/sv\/wp-json\/wp\/v2\/comments?post=749"}],"version-history":[{"count":92,"href":"https:\/\/sunnegarden-gronsaker.se\/sv\/wp-json\/wp\/v2\/pages\/749\/revisions"}],"predecessor-version":[{"id":1942,"href":"https:\/\/sunnegarden-gronsaker.se\/sv\/wp-json\/wp\/v2\/pages\/749\/revisions\/1942"}],"wp:attachment":[{"href":"https:\/\/sunnegarden-gronsaker.se\/sv\/wp-json\/wp\/v2\/media?parent=749"}],"curies":[{"name":"wp","href":"https:\/\/api.w.org\/{rel}","templated":true}]}}