{"id":1686,"date":"2025-05-08T10:49:24","date_gmt":"2025-05-08T08:49:24","guid":{"rendered":"https:\/\/sunnegarden-gronsaker.se\/?page_id=1686"},"modified":"2026-02-27T18:29:55","modified_gmt":"2026-02-27T17:29:55","slug":"maskiner","status":"publish","type":"page","link":"https:\/\/sunnegarden-gronsaker.se\/sv\/maskiner\/","title":{"rendered":"Maskinuthyrning\u200b"},"content":{"rendered":"<div data-elementor-type=\"wp-page\" data-elementor-id=\"1686\" class=\"elementor elementor-1686\">\n\t\t\t\t<div class=\"elementor-element elementor-element-d71c892 e-con-full e-flex e-con e-parent\" data-id=\"d71c892\" data-element_type=\"container\" data-e-type=\"container\" data-settings=\"{&quot;background_background&quot;:&quot;classic&quot;}\">\n\t\t<div class=\"elementor-element elementor-element-766182f e-con-full e-flex e-con e-child\" data-id=\"766182f\" data-element_type=\"container\" data-e-type=\"container\">\n\t\t<div class=\"elementor-element elementor-element-6a4b016 e-con-full e-flex e-con e-child\" data-id=\"6a4b016\" data-element_type=\"container\" data-e-type=\"container\">\n\t\t\t\t<div class=\"elementor-element elementor-element-720db48 elementor-widget elementor-widget-heading\" data-id=\"720db48\" data-element_type=\"widget\" data-e-type=\"widget\" data-widget_type=\"heading.default\">\n\t\t\t\t<div class=\"elementor-widget-container\">\n\t\t\t\t\t<h2 class=\"elementor-heading-title elementor-size-default\">Maskinuthyrning<\/h2>\t\t\t\t<\/div>\n\t\t\t\t<\/div>\n\t\t\t\t<\/div>\n\t\t\t\t<div class=\"elementor-element elementor-element-025c64d elementor-widget elementor-widget-text-editor\" data-id=\"025c64d\" data-element_type=\"widget\" data-e-type=\"widget\" data-widget_type=\"text-editor.default\">\n\t\t\t\t<div class=\"elementor-widget-container\">\n\t\t\t\t\t\t\t\t\t<p>P\u00e5 Sunneg\u00e5rden gr\u00f6nsaker hyr vi ut v\u00e5ra specialmaskiner! Perfekt f\u00f6r dig som \u00e4r privatperson, driver en gr\u00f6nsaksodling eller ett sm\u00e5skaligt jordbruk. H\u00f6r av dig ifall du \u00e4r intresserad eller om du bara har n\u00e5gra fr\u00e5gor!\u00a0<\/p>\t\t\t\t\t\t\t\t<\/div>\n\t\t\t\t<\/div>\n\t\t\t\t<div class=\"elementor-element elementor-element-0199262 elementor-widget elementor-widget-image\" data-id=\"0199262\" data-element_type=\"widget\" data-e-type=\"widget\" data-widget_type=\"image.default\">\n\t\t\t\t<div class=\"elementor-widget-container\">\n\t\t\t\t\t\t\t\t\t\t\t\t\t\t\t<img fetchpriority=\"high\" decoding=\"async\" width=\"1920\" height=\"2560\" src=\"https:\/\/sunnegarden-gronsaker.se\/wp-content\/uploads\/2025\/03\/IMG_7754-scaled.jpg\" class=\"attachment-full size-full wp-image-632\" alt=\"\" srcset=\"https:\/\/sunnegarden-gronsaker.se\/wp-content\/uploads\/2025\/03\/IMG_7754-scaled.jpg 1920w, https:\/\/sunnegarden-gronsaker.se\/wp-content\/uploads\/2025\/03\/IMG_7754-scaled-600x800.jpg 600w, https:\/\/sunnegarden-gronsaker.se\/wp-content\/uploads\/2025\/03\/IMG_7754-225x300.jpg 225w, https:\/\/sunnegarden-gronsaker.se\/wp-content\/uploads\/2025\/03\/IMG_7754-768x1024.jpg 768w, https:\/\/sunnegarden-gronsaker.se\/wp-content\/uploads\/2025\/03\/IMG_7754-1152x1536.jpg 1152w, https:\/\/sunnegarden-gronsaker.se\/wp-content\/uploads\/2025\/03\/IMG_7754-1536x2048.jpg 1536w\" sizes=\"(max-width: 1920px) 100vw, 1920px\" \/>\t\t\t\t\t\t\t\t\t\t\t\t\t\t\t<\/div>\n\t\t\t\t<\/div>\n\t\t\t\t<\/div>\n\t\t<div class=\"elementor-element elementor-element-5e57dc1 e-con-full e-flex e-con e-child\" data-id=\"5e57dc1\" data-element_type=\"container\" data-e-type=\"container\">\n\t\t\t\t<div class=\"elementor-element elementor-element-1f3a175 elementor-widget elementor-widget-heading\" data-id=\"1f3a175\" data-element_type=\"widget\" data-e-type=\"widget\" data-widget_type=\"heading.default\">\n\t\t\t\t<div class=\"elementor-widget-container\">\n\t\t\t\t\t<h2 class=\"elementor-heading-title elementor-size-default\">Maskiner till dagsuthyrning<\/h2>\t\t\t\t<\/div>\n\t\t\t\t<\/div>\n\t\t\t\t<div class=\"elementor-element elementor-element-4ac4e94 elementor-widget-mobile__width-initial elementor-widget elementor-widget-text-editor\" data-id=\"4ac4e94\" data-element_type=\"widget\" data-e-type=\"widget\" data-widget_type=\"text-editor.default\">\n\t\t\t\t<div class=\"elementor-widget-container\">\n\t\t\t\t\t\t\t\t\t<table dir=\"ltr\" border=\"1\" cellspacing=\"0\" cellpadding=\"0\" data-sheets-root=\"1\" data-sheets-baot=\"1\"><colgroup><col width=\"150\" \/><col width=\"100\" \/><\/colgroup><tbody><tr><td>Maskin<\/td><td>M\u00e4rke<\/td><\/tr><tr><td>Traktor 26hp<\/td><td><div><div>Solis H26 &#8211; 2021<\/div><\/div><\/td><\/tr><tr><td>Traktor 85hp<\/td><td><div><div>Lamborghini Sprint 85DT &#8211; 2007<\/div><\/div><\/td><\/tr><tr><td>B\u00e4ddl\u00e4ggare<\/td><td><div><div>Agroservis Proizvodnja<\/div><\/div><\/td><\/tr><tr><td>Jordfr\u00e4s<\/td><td><div><div>Del Morino URT-135<\/div><\/div><\/td><\/tr><tr><td>Betesputs<\/td><td><div><div>Realway Mower EF-125<\/div><\/div><\/td><\/tr><tr><td>Upptagare liten<\/td><td><div><div>Bomet (potatisupptagare 1 rad)<\/div><\/div><\/td><\/tr><tr><td>Radfr\u00e4s<\/td><td><div><div>Breviglieri MBE (2 aggregat)<\/div><\/div><\/td><\/tr><tr><td>Planteringsmaskin<\/td><td><div><div>Checchi &amp; Magli (4 rader)<\/div><\/div><\/td><\/tr><tr><td>Radhacka<\/td><td><div><div>Hatzenblitzer 4 rader (g\u00f6dning)<\/div><\/div><\/td><\/tr><tr><td>S\u00e5maskin (pneumatisk)<\/td><td><div><div>Stanhay 785 (2-9st rader)<\/div><\/div><\/td><\/tr><tr><td>Spruta<\/td><td><div><div>Hardi 600 NK\/NV\/NL (7-12m)<\/div><\/div><\/td><\/tr><\/tbody><\/table><p>\u00a0<\/p>\t\t\t\t\t\t\t\t<\/div>\n\t\t\t\t<\/div>\n\t\t\t\t<\/div>\n\t\t\t\t<\/div>\n\t\t<div class=\"elementor-element elementor-element-e0bf81c e-grid e-con-boxed e-con e-parent\" data-id=\"e0bf81c\" data-element_type=\"container\" data-e-type=\"container\">\n\t\t\t\t\t<div class=\"e-con-inner\">\n\t\t<div class=\"elementor-element elementor-element-ea623a7 e-con-full e-flex e-con e-child\" data-id=\"ea623a7\" data-element_type=\"container\" data-e-type=\"container\">\n\t\t\t\t<div class=\"elementor-element elementor-element-2ead883 elementor-tablet-align-center elementor-widget elementor-widget-button\" data-id=\"2ead883\" data-element_type=\"widget\" data-e-type=\"widget\" data-widget_type=\"button.default\">\n\t\t\t\t<div class=\"elementor-widget-container\">\n\t\t\t\t\t\t\t\t\t<div class=\"elementor-button-wrapper\">\n\t\t\t\t\t<a class=\"elementor-button elementor-button-link elementor-size-sm\" href=\"https:\/\/sunnegarden-gronsaker.se\/sv\/kontakta-oss\/\">\n\t\t\t\t\t\t<span class=\"elementor-button-content-wrapper\">\n\t\t\t\t\t\t\t\t\t<span class=\"elementor-button-text\">Kontakta oss<\/span>\n\t\t\t\t\t<\/span>\n\t\t\t\t\t<\/a>\n\t\t\t\t<\/div>\n\t\t\t\t\t\t\t\t<\/div>\n\t\t\t\t<\/div>\n\t\t\t\t<\/div>\n\t\t\t\t\t<\/div>\n\t\t\t\t<\/div>\n\t\t\t\t<\/div>","protected":false},"excerpt":{"rendered":"<p>Maskinuthyrning P\u00e5 Sunneg\u00e5rden gr\u00f6nsaker hyr vi ut v\u00e5ra specialmaskiner! Perfekt f\u00f6r dig som \u00e4r privatperson, driver en gr\u00f6nsaksodling eller ett sm\u00e5skaligt jordbruk. H\u00f6r av dig ifall du \u00e4r intresserad eller om du bara har n\u00e5gra fr\u00e5gor!\u00a0 Maskiner till dagsuthyrning Maskin M\u00e4rke Traktor 26hp Solis H26 &#8211; 2021 Traktor 85hp Lamborghini Sprint 85DT &#8211; 2007 B\u00e4ddl\u00e4ggare [&hellip;]<\/p>\n","protected":false},"author":3,"featured_media":0,"parent":0,"menu_order":0,"comment_status":"closed","ping_status":"closed","template":"","meta":{"footnotes":""},"class_list":["post-1686","page","type-page","status-publish","hentry"],"blocksy_meta":[],"jetpack_sharing_enabled":true,"_links":{"self":[{"href":"https:\/\/sunnegarden-gronsaker.se\/sv\/wp-json\/wp\/v2\/pages\/1686","targetHints":{"allow":["GET"]}}],"collection":[{"href":"https:\/\/sunnegarden-gronsaker.se\/sv\/wp-json\/wp\/v2\/pages"}],"about":[{"href":"https:\/\/sunnegarden-gronsaker.se\/sv\/wp-json\/wp\/v2\/types\/page"}],"author":[{"embeddable":true,"href":"https:\/\/sunnegarden-gronsaker.se\/sv\/wp-json\/wp\/v2\/users\/3"}],"replies":[{"embeddable":true,"href":"https:\/\/sunnegarden-gronsaker.se\/sv\/wp-json\/wp\/v2\/comments?post=1686"}],"version-history":[{"count":73,"href":"https:\/\/sunnegarden-gronsaker.se\/sv\/wp-json\/wp\/v2\/pages\/1686\/revisions"}],"predecessor-version":[{"id":2010,"href":"https:\/\/sunnegarden-gronsaker.se\/sv\/wp-json\/wp\/v2\/pages\/1686\/revisions\/2010"}],"wp:attachment":[{"href":"https:\/\/sunnegarden-gronsaker.se\/sv\/wp-json\/wp\/v2\/media?parent=1686"}],"curies":[{"name":"wp","href":"https:\/\/api.w.org\/{rel}","templated":true}]}}